{"id":169,"date":"2023-08-18T19:01:18","date_gmt":"2023-08-18T17:01:18","guid":{"rendered":"https:\/\/ninjatay.com\/about-me\/"},"modified":"2025-06-06T15:57:31","modified_gmt":"2025-06-06T13:57:31","slug":"about-me","status":"publish","type":"page","link":"https:\/\/ninjatay.com\/en\/about-me\/","title":{"rendered":"About me"},"content":{"rendered":"\n<blockquote class=\"wp-block-quote is-layout-flow wp-block-quote-is-layout-flow\">\n<p>Professional professional climber with Autism<\/p>\n\n\n\n<p>Rope Access &#8211; Rigging &#8211; Height Rescue<\/p>\n<\/blockquote>\n\n<figure class=\"wp-block-image size-large\"><img decoding=\"async\" src=\"https:\/\/ninjatay.com\/wp-content\/uploads\/2023\/09\/VideoCapture_20230221-201022-2-1024x509.jpg\" alt=\"\" class=\"wp-image-119\"\/><\/figure>\n\n<p>Facebook: Ninjatay<\/p>\n\n<p>Instagram: NinjatayRigging<\/p>\n\n<p>Youtube: Ninjatay Rigging<\/p>\n","protected":false},"excerpt":{"rendered":"<p>Professional professional climber with Autism Rope Access &#8211; Rigging &#8211; Height Rescue Facebook: Ninjatay Instagram: NinjatayRigging Youtube: Ninjatay Rigging<\/p>\n","protected":false},"author":1,"featured_media":0,"parent":0,"menu_order":0,"comment_status":"closed","ping_status":"closed","template":"","meta":{"footnotes":""},"class_list":["post-169","page","type-page","status-publish","hentry"],"yoast_head":"<!-- This site is optimized with the Yoast SEO plugin v27.4 - https:\/\/yoast.com\/product\/yoast-seo-wordpress\/ -->\n<title>About me - Ninjatay<\/title>\n<meta name=\"robots\" content=\"index, follow, max-snippet:-1, max-image-preview:large, max-video-preview:-1\" \/>\n<link rel=\"canonical\" href=\"https:\/\/ninjatay.com\/en\/about-me\/\" \/>\n<meta property=\"og:locale\" content=\"en_US\" \/>\n<meta property=\"og:type\" content=\"article\" \/>\n<meta property=\"og:title\" content=\"About me - Ninjatay\" \/>\n<meta property=\"og:description\" content=\"Professional professional climber with Autism Rope Access &#8211; Rigging &#8211; Height Rescue Facebook: Ninjatay Instagram: NinjatayRigging Youtube: Ninjatay Rigging\" \/>\n<meta property=\"og:url\" content=\"https:\/\/ninjatay.com\/en\/about-me\/\" \/>\n<meta property=\"og:site_name\" content=\"Ninjatay\" \/>\n<meta property=\"article:publisher\" content=\"https:\/\/www.facebook.com\/Ninjatayrigging\" \/>\n<meta property=\"article:modified_time\" content=\"2025-06-06T13:57:31+00:00\" \/>\n<meta property=\"og:image\" content=\"https:\/\/ninjatay.com\/wp-content\/uploads\/2023\/12\/128170755_102712791688648_8311457373598356701_n.jpg\" \/>\n\t<meta property=\"og:image:width\" content=\"855\" \/>\n\t<meta property=\"og:image:height\" content=\"855\" \/>\n\t<meta property=\"og:image:type\" content=\"image\/jpeg\" \/>\n<meta name=\"twitter:card\" content=\"summary_large_image\" \/>\n<script type=\"application\/ld+json\" class=\"yoast-schema-graph\">{\"@context\":\"https:\\\/\\\/schema.org\",\"@graph\":[{\"@type\":\"WebPage\",\"@id\":\"https:\\\/\\\/ninjatay.com\\\/en\\\/about-me\\\/\",\"url\":\"https:\\\/\\\/ninjatay.com\\\/en\\\/about-me\\\/\",\"name\":\"About me - Ninjatay\",\"isPartOf\":{\"@id\":\"https:\\\/\\\/ninjatay.com\\\/en\\\/#website\"},\"primaryImageOfPage\":{\"@id\":\"https:\\\/\\\/ninjatay.com\\\/en\\\/about-me\\\/#primaryimage\"},\"image\":{\"@id\":\"https:\\\/\\\/ninjatay.com\\\/en\\\/about-me\\\/#primaryimage\"},\"thumbnailUrl\":\"https:\\\/\\\/ninjatay.com\\\/wp-content\\\/uploads\\\/2023\\\/09\\\/VideoCapture_20230221-201022-2-1024x509.jpg\",\"datePublished\":\"2023-08-18T17:01:18+00:00\",\"dateModified\":\"2025-06-06T13:57:31+00:00\",\"breadcrumb\":{\"@id\":\"https:\\\/\\\/ninjatay.com\\\/en\\\/about-me\\\/#breadcrumb\"},\"inLanguage\":\"en-US\",\"potentialAction\":[{\"@type\":\"ReadAction\",\"target\":[\"https:\\\/\\\/ninjatay.com\\\/en\\\/about-me\\\/\"]}]},{\"@type\":\"ImageObject\",\"inLanguage\":\"en-US\",\"@id\":\"https:\\\/\\\/ninjatay.com\\\/en\\\/about-me\\\/#primaryimage\",\"url\":\"https:\\\/\\\/ninjatay.com\\\/wp-content\\\/uploads\\\/2023\\\/09\\\/VideoCapture_20230221-201022-2-1024x509.jpg\",\"contentUrl\":\"https:\\\/\\\/ninjatay.com\\\/wp-content\\\/uploads\\\/2023\\\/09\\\/VideoCapture_20230221-201022-2-1024x509.jpg\"},{\"@type\":\"BreadcrumbList\",\"@id\":\"https:\\\/\\\/ninjatay.com\\\/en\\\/about-me\\\/#breadcrumb\",\"itemListElement\":[{\"@type\":\"ListItem\",\"position\":1,\"name\":\"Hem\",\"item\":\"https:\\\/\\\/ninjatay.com\\\/en\\\/\"},{\"@type\":\"ListItem\",\"position\":2,\"name\":\"About me\"}]},{\"@type\":\"WebSite\",\"@id\":\"https:\\\/\\\/ninjatay.com\\\/en\\\/#website\",\"url\":\"https:\\\/\\\/ninjatay.com\\\/en\\\/\",\"name\":\"Ninjatay - H\u00f6jdarbeten, Rigging, H\u00f6jdr\u00e4ddning med mera!\",\"description\":\"Rope Access - Rigging - H\u00f6jdr\u00e4ddning\",\"publisher\":{\"@id\":\"https:\\\/\\\/ninjatay.com\\\/en\\\/#organization\"},\"potentialAction\":[{\"@type\":\"SearchAction\",\"target\":{\"@type\":\"EntryPoint\",\"urlTemplate\":\"https:\\\/\\\/ninjatay.com\\\/en\\\/?s={search_term_string}\"},\"query-input\":{\"@type\":\"PropertyValueSpecification\",\"valueRequired\":true,\"valueName\":\"search_term_string\"}}],\"inLanguage\":\"en-US\"},{\"@type\":\"Organization\",\"@id\":\"https:\\\/\\\/ninjatay.com\\\/en\\\/#organization\",\"name\":\"NINJATAY\",\"url\":\"https:\\\/\\\/ninjatay.com\\\/en\\\/\",\"logo\":{\"@type\":\"ImageObject\",\"inLanguage\":\"en-US\",\"@id\":\"https:\\\/\\\/ninjatay.com\\\/en\\\/#\\\/schema\\\/logo\\\/image\\\/\",\"url\":\"https:\\\/\\\/ninjatay.com\\\/wp-content\\\/uploads\\\/2023\\\/12\\\/128170755_102712791688648_8311457373598356701_n.jpg\",\"contentUrl\":\"https:\\\/\\\/ninjatay.com\\\/wp-content\\\/uploads\\\/2023\\\/12\\\/128170755_102712791688648_8311457373598356701_n.jpg\",\"width\":855,\"height\":855,\"caption\":\"NINJATAY\"},\"image\":{\"@id\":\"https:\\\/\\\/ninjatay.com\\\/en\\\/#\\\/schema\\\/logo\\\/image\\\/\"},\"sameAs\":[\"https:\\\/\\\/www.facebook.com\\\/Ninjatayrigging\",\"https:\\\/\\\/www.instagram.com\\\/ninjatayrigging\\\/\",\"https:\\\/\\\/www.youtube.com\\\/@ninjatayrigging\"]}]}<\/script>\n<!-- \/ Yoast SEO plugin. -->","yoast_head_json":{"title":"About me - Ninjatay","robots":{"index":"index","follow":"follow","max-snippet":"max-snippet:-1","max-image-preview":"max-image-preview:large","max-video-preview":"max-video-preview:-1"},"canonical":"https:\/\/ninjatay.com\/en\/about-me\/","og_locale":"en_US","og_type":"article","og_title":"About me - Ninjatay","og_description":"Professional professional climber with Autism Rope Access &#8211; Rigging &#8211; Height Rescue Facebook: Ninjatay Instagram: NinjatayRigging Youtube: Ninjatay Rigging","og_url":"https:\/\/ninjatay.com\/en\/about-me\/","og_site_name":"Ninjatay","article_publisher":"https:\/\/www.facebook.com\/Ninjatayrigging","article_modified_time":"2025-06-06T13:57:31+00:00","og_image":[{"width":855,"height":855,"url":"https:\/\/ninjatay.com\/wp-content\/uploads\/2023\/12\/128170755_102712791688648_8311457373598356701_n.jpg","type":"image\/jpeg"}],"twitter_card":"summary_large_image","schema":{"@context":"https:\/\/schema.org","@graph":[{"@type":"WebPage","@id":"https:\/\/ninjatay.com\/en\/about-me\/","url":"https:\/\/ninjatay.com\/en\/about-me\/","name":"About me - Ninjatay","isPartOf":{"@id":"https:\/\/ninjatay.com\/en\/#website"},"primaryImageOfPage":{"@id":"https:\/\/ninjatay.com\/en\/about-me\/#primaryimage"},"image":{"@id":"https:\/\/ninjatay.com\/en\/about-me\/#primaryimage"},"thumbnailUrl":"https:\/\/ninjatay.com\/wp-content\/uploads\/2023\/09\/VideoCapture_20230221-201022-2-1024x509.jpg","datePublished":"2023-08-18T17:01:18+00:00","dateModified":"2025-06-06T13:57:31+00:00","breadcrumb":{"@id":"https:\/\/ninjatay.com\/en\/about-me\/#breadcrumb"},"inLanguage":"en-US","potentialAction":[{"@type":"ReadAction","target":["https:\/\/ninjatay.com\/en\/about-me\/"]}]},{"@type":"ImageObject","inLanguage":"en-US","@id":"https:\/\/ninjatay.com\/en\/about-me\/#primaryimage","url":"https:\/\/ninjatay.com\/wp-content\/uploads\/2023\/09\/VideoCapture_20230221-201022-2-1024x509.jpg","contentUrl":"https:\/\/ninjatay.com\/wp-content\/uploads\/2023\/09\/VideoCapture_20230221-201022-2-1024x509.jpg"},{"@type":"BreadcrumbList","@id":"https:\/\/ninjatay.com\/en\/about-me\/#breadcrumb","itemListElement":[{"@type":"ListItem","position":1,"name":"Hem","item":"https:\/\/ninjatay.com\/en\/"},{"@type":"ListItem","position":2,"name":"About me"}]},{"@type":"WebSite","@id":"https:\/\/ninjatay.com\/en\/#website","url":"https:\/\/ninjatay.com\/en\/","name":"Ninjatay - H\u00f6jdarbeten, Rigging, H\u00f6jdr\u00e4ddning med mera!","description":"Rope Access - Rigging - H\u00f6jdr\u00e4ddning","publisher":{"@id":"https:\/\/ninjatay.com\/en\/#organization"},"potentialAction":[{"@type":"SearchAction","target":{"@type":"EntryPoint","urlTemplate":"https:\/\/ninjatay.com\/en\/?s={search_term_string}"},"query-input":{"@type":"PropertyValueSpecification","valueRequired":true,"valueName":"search_term_string"}}],"inLanguage":"en-US"},{"@type":"Organization","@id":"https:\/\/ninjatay.com\/en\/#organization","name":"NINJATAY","url":"https:\/\/ninjatay.com\/en\/","logo":{"@type":"ImageObject","inLanguage":"en-US","@id":"https:\/\/ninjatay.com\/en\/#\/schema\/logo\/image\/","url":"https:\/\/ninjatay.com\/wp-content\/uploads\/2023\/12\/128170755_102712791688648_8311457373598356701_n.jpg","contentUrl":"https:\/\/ninjatay.com\/wp-content\/uploads\/2023\/12\/128170755_102712791688648_8311457373598356701_n.jpg","width":855,"height":855,"caption":"NINJATAY"},"image":{"@id":"https:\/\/ninjatay.com\/en\/#\/schema\/logo\/image\/"},"sameAs":["https:\/\/www.facebook.com\/Ninjatayrigging","https:\/\/www.instagram.com\/ninjatayrigging\/","https:\/\/www.youtube.com\/@ninjatayrigging"]}]}},"_links":{"self":[{"href":"https:\/\/ninjatay.com\/en\/wp-json\/wp\/v2\/pages\/169","targetHints":{"allow":["GET"]}}],"collection":[{"href":"https:\/\/ninjatay.com\/en\/wp-json\/wp\/v2\/pages"}],"about":[{"href":"https:\/\/ninjatay.com\/en\/wp-json\/wp\/v2\/types\/page"}],"author":[{"embeddable":true,"href":"https:\/\/ninjatay.com\/en\/wp-json\/wp\/v2\/users\/1"}],"replies":[{"embeddable":true,"href":"https:\/\/ninjatay.com\/en\/wp-json\/wp\/v2\/comments?post=169"}],"version-history":[{"count":3,"href":"https:\/\/ninjatay.com\/en\/wp-json\/wp\/v2\/pages\/169\/revisions"}],"predecessor-version":[{"id":172,"href":"https:\/\/ninjatay.com\/en\/wp-json\/wp\/v2\/pages\/169\/revisions\/172"}],"wp:attachment":[{"href":"https:\/\/ninjatay.com\/en\/wp-json\/wp\/v2\/media?parent=169"}],"curies":[{"name":"wp","href":"https:\/\/api.w.org\/{rel}","templated":true}]}}